{"id":209,"date":"2023-07-29T14:17:35","date_gmt":"2023-07-29T12:17:35","guid":{"rendered":"https:\/\/www.giovannigiolitti.it\/?page_id=209"},"modified":"2023-07-29T14:26:08","modified_gmt":"2023-07-29T12:26:08","slug":"la-storia","status":"publish","type":"page","link":"https:\/\/www.giovannigiolitti.it\/index.php\/la-storia\/","title":{"rendered":"La storia"},"content":{"rendered":"\n<h2 class=\"wp-block-heading\"><strong>Il Centro Europeo Giovanni Giolitti per lo Studio dello Stato: una breve storia.<\/strong><\/h2>\n\n\n<p>Per presentare il \u201cChi siamo\u201d, come ormai i siti internet richiedono, non possiamo che farlo proponendo uno sguardo storico sul Centro Giolitti che di storia di occupa da oltre vent\u2019anni. L\u2019occasione \u00e8 propizia, inoltre, per mantenere vivo il ricordo del primo Presidente che, fino al 2017, tanto della propria vita e delle proprie energie ha dedicato alla nostra Associazione. Riportiamo quindi di seguito un estratto della lettera con la quale Alberto Bersani accompagn\u00f2 quella pi\u00f9 formale delle proprie dimissioni, integrando un debito sguardo sul futuro che stiamo continuando a costruire.<\/p>\n<p><em>\u00c8 passato quasi un ventennio da quando assunsi la Presidenza del Centro Europeo per lo Studio dello Stato, nato nel 1998 per iniziativa di un Comitato promotore fondato da Comune di Dronero, Comunit\u00e0 montana Valle Maira, cui ader\u00ec la famiglia Giolitti e successivamente ampliatosi a nuovi soci. Suo scopo: la gestione del Fondo archivistico \u201cGiolitti, Chiaraviglio, Revelli\u201d cui si aggiunsero altre fonti per un totale di circa 3000 documenti.<\/em><\/p>\n<p><em>Il mio attuale ritiro dalla carica \u00e8 la naturale conseguenza degli anni e delle esigenze di rinnovamento, circostanze tutte che oggi mi consentono di navigare in \u201cacque pi\u00f9 tranquille\u201d. \u00c8 un atteggiamento che non annulla la memoria positiva delle tante iniziative realizzate. Una breve menzione delle pi\u00f9 significative mi porta a citare innanzitutto la mostra \u201cGiovanni Giolitti nella satira politica\u201d, inaugurata dal Presidente della Repubblica Carlo Azeglio Ciampi a Cuneo il 3 settembre 2003 e presentata successivamente a Dronero cos\u00ec come in molte altre citt\u00e0 italiane.<\/em><\/p>\n<p><em>Molteplici i momenti di collaborazione con gli Istituti Culturali italiani e stranieri, in primo luogo con l\u2019Istituto Italiano per gli Studi Filosofici di Napoli cos\u00ec come con le Forze Armate. Significativo l\u2019accordo con la Fondazione Cavour di Santena e la Fondazione Einaudi di Roma.<\/em><\/p>\n<p><em>La vita del Centro si \u00e8 accompagnata alla pubblicazione di innumerevoli volumi, divenuti punto fermo per qualsiasi approfondimento dell\u2019opera e della personalit\u00e0 giolittiana. Spiccano le voluminose raccolte degli atti dei cinque governi giolittiani, opera di permanente validit\u00e0 documentaria. N\u00e9 sono mancate intese \u201cstrategiche\u201d quale quella intercorsa nel nome de \u201cil Piemonte per l\u2019Italia\u201d, con le gi\u00e0 citate Fondazioni Cavour ed Einaudi.<\/em><\/p>\n<p><em>In materia \u00e8 riuscita importante l\u2019opera del professor Aldo Mola, accurato ricercatore e autore di un vero e proprio corredo scientifico espresso in scritti e interventi verbali quali conferenze e congressi. Ultimamente si \u00e8 aggiunto un DVD sulla vita di Giolitti, gi\u00e0 presentato al Cinema Iris ai primi di giugno, naturale sostegno di quello che dovr\u00e0 essere un momento espositivo di permanente funzionalit\u00e0 nella Sede del Centro e di accompagnamento a manifestazioni esterne. <\/em><\/p>\n<p><em>A questo effetto non mancano le prospettive di collaborazione con realt\u00e0 gi\u00e0 funzionanti in Dronero. Si va dall\u2019Istituto Musicale sito nella stessa Casa Savio ospitante il Centro Giolitti, al Museo Mall\u00e9 e ad altre realt\u00e0 cos\u00ec da realizzare una rete collaborativa in grado di estendersi dal territorio valligiano a quello provinciale e regionale.<\/em><\/p>\n<p><em>Qui sovviene una preziosa testimonianza che recuperiamo pari pari dalla storia minore quale registrata dalla torinese Gazzetta del Popolo, il quotidiano che per molti anni si offr\u00ec al lettore torinese quale concorrente de La Stampa. Ecco cosa pubblica il 24 novembre 1950 a firma del noto giornalista Ernesto Caballo.<\/em><\/p>\n<table>\n<tbody>\n<tr>\n<td width=\"601\">\n<p><strong><em>DRONERO \u00c8 GIOLITTIANA COME CINQUANT\u2019ANNI FA<\/em><\/strong><\/p>\n<p><em>\u00a0<\/em><em>Dronero \u00e8 giolittiana come 50 anni or sono nello spirito, nell\u2019intima tradizione. Mi parlava dello statista al Caff\u00e8 del Teatro un suo vecchio amico, il Cav. Nebbiolo; si affacciava alla finestra accennando col braccio al fondo della piazza dov\u2019\u00e8 l\u2019albergo \u201cdel Gallo\u201d, e raccontava: \u201cuna volta Sua Eccellenza era partita di nascosto da Cuneo, dopo aver presieduto il consiglio provinciale; lo attendevano ad un banchetto alla \u201cBarra di Ferro\u201d, c\u2019erano tanti pezzi grossi, deputati, il prefetto. Lui invece mont\u00f2 sul tranvai e scapp\u00f2 a Dronero; scese come al solito all\u2019albergo del Gallo. Al pomeriggio noi ci andammo secondo l\u2019abitudine a fare la partita. Giolitti era seduto sulla panca in giardino fra l\u2019oleandro e i gerani, aiutava la signora Costanza, la padrona, a sgusciare i fagioli e parlavano della Val Maira.<\/em><\/p>\n<p><em>Arriv\u00f2 poi il brigadiere dei carabinieri, stent\u00f2 a riconoscere in quell\u2019uomo che sgranava i baccelli il Presidente del Consiglio; infine gli disse che il prefetto di Cuneo, preoccupato, aveva chiesto sue notizie. Cordialmente Giolitti lo preg\u00f2 di lasciarlo tranquillo osservando che stava benissimo fra amici. Vicino a lui i giocatori contavano forte i punti del tresette.\u201d<\/em><\/p>\n<p><em>Ernesto Caballo<\/em><\/p>\n<\/td>\n<\/tr>\n<\/tbody>\n<\/table>\n<p><em><br \/>E il futuro? Le premesse esistono perch\u00e9 le attivit\u00e0 del Centro abbiano opportuno sviluppo. Da ex Presidente non posso essere che ottimista, sorretto dal positivo passato e dall\u2019impegno che, sono sicuro, il nuovo Presidente porr\u00e0 nel proporre al Centro nuovi indirizzi di attivit\u00e0.<\/em><\/p>\n<p><em>Alberto Bersani<\/em><\/p>\n<p>Oggi il Centro Giolitti sta tracciando un percorso che vuole guidare alla <strong>celebrazione dei 100 anni dalla morte di Giovanni Giolitti (2028)<\/strong> secondo tre direttrici:<\/p>\n<ul>\n<li><strong>Progetti<\/strong> che costituiscono il \u201cfilo rosso\u201d lungo il quale sviluppare iniziative ricorrenti: QG-Quaderni Giolitti (rivista semestrale), progetto Scuole (corso per insegnati), <em>summer school<\/em> (in convenzione con l\u2019Universit\u00e0 di Torino).<\/li>\n<li><strong>Attivit\u00e0 e momenti non ricorrenti<\/strong>: presentazione di pubblicazioni, interventi scientifici, convegni ed altre iniziative pubbliche.<\/li>\n<li><strong>Conservazione e valorizzazione del patrimonio archivistico e documentale<\/strong>, attraverso la messa a disposizione del suo contenuto per studiosi e ricercatori richiedenti.<\/li>\n<\/ul>","protected":false},"excerpt":{"rendered":"<p>Il Centro Europeo Giovanni Giolitti per lo Studio dello Stato: una breve storia. Per presentare il \u201cChi siamo\u201d, come ormai i siti internet richiedono, non possiamo che farlo proponendo uno sguardo storico sul Centro Giolitti che di storia di occupa da oltre vent\u2019anni. L\u2019occasione \u00e8 propizia, inoltre, per mantenere vivo il ricordo del primo Presidente &hellip; <\/p>\n<p class=\"link-more\"><a href=\"https:\/\/www.giovannigiolitti.it\/index.php\/la-storia\/\" class=\"more-link\">Leggi tutto<span class=\"screen-reader-text\"> &#8220;La storia&#8221;<\/span><\/a><\/p>\n","protected":false},"author":1,"featured_media":0,"parent":0,"menu_order":0,"comment_status":"closed","ping_status":"closed","template":"","meta":{"footnotes":""},"class_list":["post-209","page","type-page","status-publish","hentry"],"_links":{"self":[{"href":"https:\/\/www.giovannigiolitti.it\/index.php\/wp-json\/wp\/v2\/pages\/209","targetHints":{"allow":["GET"]}}],"collection":[{"href":"https:\/\/www.giovannigiolitti.it\/index.php\/wp-json\/wp\/v2\/pages"}],"about":[{"href":"https:\/\/www.giovannigiolitti.it\/index.php\/wp-json\/wp\/v2\/types\/page"}],"author":[{"embeddable":true,"href":"https:\/\/www.giovannigiolitti.it\/index.php\/wp-json\/wp\/v2\/users\/1"}],"replies":[{"embeddable":true,"href":"https:\/\/www.giovannigiolitti.it\/index.php\/wp-json\/wp\/v2\/comments?post=209"}],"version-history":[{"count":5,"href":"https:\/\/www.giovannigiolitti.it\/index.php\/wp-json\/wp\/v2\/pages\/209\/revisions"}],"predecessor-version":[{"id":222,"href":"https:\/\/www.giovannigiolitti.it\/index.php\/wp-json\/wp\/v2\/pages\/209\/revisions\/222"}],"wp:attachment":[{"href":"https:\/\/www.giovannigiolitti.it\/index.php\/wp-json\/wp\/v2\/media?parent=209"}],"curies":[{"name":"wp","href":"https:\/\/api.w.org\/{rel}","templated":true}]}}