{"id":380,"date":"2024-03-21T07:55:51","date_gmt":"2024-03-21T06:55:51","guid":{"rendered":"https:\/\/www.giovannigiolitti.it\/?page_id=380"},"modified":"2024-09-11T12:09:17","modified_gmt":"2024-09-11T10:09:17","slug":"giolittireloaded-summer-school-2024","status":"publish","type":"page","link":"https:\/\/www.giovannigiolitti.it\/index.php\/giolittireloaded-summer-school-2024\/","title":{"rendered":"GiolittiReloaded-Summer school 2024"},"content":{"rendered":"<p><img loading=\"lazy\" decoding=\"async\" class=\"alignnone size-medium wp-image-177 aligncenter\" src=\"https:\/\/www.giovannigiolitti.it\/wp-content\/uploads\/2023\/07\/sl-05_giolitti-1-214x300.jpg\" alt=\"\" width=\"214\" height=\"300\" srcset=\"https:\/\/www.giovannigiolitti.it\/wp-content\/uploads\/2023\/07\/sl-05_giolitti-1-214x300.jpg 214w, https:\/\/www.giovannigiolitti.it\/wp-content\/uploads\/2023\/07\/sl-05_giolitti-1.jpg 427w\" sizes=\"auto, (max-width: 214px) 100vw, 214px\" \/><\/p>\n<p><strong>GiolittiReloaded<\/strong><br \/>\n<strong>Summer school<\/strong><br \/>\n<strong>Dronero, 2-6 settembre 2024<\/strong><\/p>\n<p>Una full immersion nell\u2019archivio del pi\u00f9 grande statista dell\u2019Italia liberale.<br \/>\nUna Summer School che avr\u00e0 come obiettivo lo studio di pratiche e metodologie della descrizione della fotografia in archivio, a contatto con 900 immagini che raccontano la storia di una nazione nel suo divenire.<br \/>\nUn\u2019esperienza professionale coordinata da <strong><em>Barbara Bergaglio<\/em><\/strong>, responsabile del progetto Archivi di CAMERA \u2013 Centro Italiano per la Fotografia di Torino e docente all\u2019Universit\u00e0 di Torino.<br \/>\nIl corso si rivolge a studenti universitari, fotografi, archivisti, bibliotecari, conservatori museali, professionisti e operatori del settore.<\/p>\n<p><strong>A Dronero, perch\u00e9<\/strong><br \/>\nIl \u201cCentro Europeo Giovanni Giolitti per lo studio dello Stato\u201d conserva l\u2019archivio donato al Comune di Dronero da Dino Chiaraviglio, discendente di Giovanni Giolitti, nel quale spicca un nucleo di fotografie originali dello statista piemontese e dei suoi familiari: circa 900 immagini di indubbio interesse storico-fotografico.<br \/>\nLa Summer School organizzata dal Centro Giolitti \u00e8 l\u2019occasione per approfondire pratiche e metodologie della descrizione della fotografia in archivio, oltre ad aspetti poco noti della fotografia e del mondo giolittiano. Il programma di formazione mette a confronto teoria ed esperienza, contesto generale e patrimonio particolare, cos\u00ec da offrire una consapevolezza di base a quanti intendano operare nel campo della descrizione degli archivi fotografici.<\/p>\n<p><strong>Contenuti e finalit\u00e0 del corso\u00a0<\/strong><br \/>\nIl corso intende fornire un quadro generale di metodologie e strumenti per la descrizione del documento fotografico quale elemento costitutivo dei complessi archivistici, offrendo la possibilit\u00e0 di un\u2019applicazione concreta sul patrimonio fotografico del Centro Giolitti. Partendo da un primo inquadramento delle attivit\u00e0 del Centro e dalle coordinate di riferimento sulla storia del fondo archivistico di Giovanni Giolitti, cui sar\u00e0 dedicata la prima giornata di lezioni frontali a cura del Centro, il corso si svolger\u00e0 con un\u2019attivit\u00e0 intensiva<br \/>\ndi quattro giornate laboratoriali coordinate da<strong><em> Barbara Bergaglio<\/em><\/strong>, responsabile del progetto Archivi di CAMERA \u2013 Centro Italiano per la Fotografia di Torino e docente a contratto presso l\u2019Universit\u00e0 degli Studi di Torino.<\/p>\n<p><strong>Durata del corso<\/strong><br \/>\nIl corso prevede 5 giorni di lezioni, frontali e laboratoriali per 35 ore totali, a partire da luned\u00ec 2 settembre con orario 11-13 e 15-19, proseguendo dal 3 al 5 settembre con orario 9-13 e 15-19. Venerd\u00ec 6 settembre appuntamento al mattino dalle 9, con saluto finale alle 13. Accanto alle lezioni in programma, incontri e confronti in tema. \u00c8 prevista una serata con <em><strong>Saverio Lombardi<\/strong> <strong>Vallauri<\/strong><\/em>, fotografo e docente all\u2019Istituto Europeo di Design di Milano.<\/p>\n<p><strong>Modalit\u00e0 di svolgimento<\/strong><br \/>\nIl corso si svolger\u00e0 in presenza presso il Centro Giolitti, via XXV Aprile n. 25, Dronero (Cuneo).<\/p>\n<p><strong>Destinatari del corso<\/strong><br \/>\nIl corso si rivolge a studenti universitari, fotografi, archivisti, bibliotecari, conservatori<br \/>\ne curatori museali, professionisti e operatori del settore.<br \/>\n<strong>Quota di partecipazione<\/strong><br \/>\nIl costo di 700 \u20ac a persona \u00e8 ridotto a <strong>500 \u20ac<\/strong> grazie al contributo che il Centro Giolitti mette a disposizione (200 \u20ac) per agevolare la partecipazione. La quota copre l\u2019organizzazione e le spese di pensione completa in camera singola presso l\u2019Albergo Ristorante Cavallo Bianco (p.zza Manuel di San Giovanni &#8211; Dronero).(*)<\/p>\n<p>(*)<em>Per gli iscritti provenienti da Dronero o da zone limitrofe che non si fermano a<\/em><br \/>\n<em>dormire presso il Cavallo Bianco, la quota di iscrizione \u00e8 ridotta a 150 \u20ac (100 \u20ac all\u2019iscrizione,<\/em><br \/>\n<em>50 \u20ac alla conferma entro il 30 aprile) e prevede, comunque, la partecipazione al pranzo<\/em><br \/>\n<em>insieme al gruppo di studio.<\/em><\/p>\n<p><strong>Iscrizione alla Summer School<\/strong><br \/>\nLa domanda di iscrizione deve pervenire entro il <strong>30 aprile 2024<\/strong> all\u2019indirizzo\u00a0 <strong><em>giolitti@giovannigiolitti.it<\/em><\/strong> accompagnata dal curriculum vitae, da una breve lettera di motivazione e dalla ricevuta di versamento della caparra di 100 \u20ac da effettuare mediante bonifico bancario all\u2019IBAN\u00a0\u00a0<strong>IT11H0843946280000030118392\u00a0\u00a0<\/strong>intestato a \u201cCENTRO GIOLITTI\u201d con causale \u201c<strong>Quota iscrizione Summer School 2024<\/strong>\u201d. Il saldo di 400 \u20ac dovr\u00e0 essere versato, con le stesse modalit\u00e0, entro il 30 giugno 2024.<\/p>\n<p><strong>Numero di partecipanti<\/strong><br \/>\nPer l\u2019attivazione del corso \u00e8 previsto un minimo di 8 e un massimo di 12 partecipanti.<br \/>\nNel caso in cui le richieste di iscrizione siano maggiori, si proceder\u00e0 alla selezione dei partecipanti alla luce dei seguenti criteri: congruit\u00e0 del curriculum del\/della candidato\/a rispetto al percorso culturale della Summer\u00a0 School con particolare riferimento alle carriere studentesche in corso, qualit\u00e0 della lettera di motivazione. A chi, iscritto, risultasse non selezionato verr\u00e0 restituito l\u2019acconto versato.<\/p>\n<p><strong>A Dronero<\/strong><br \/>\n<strong>2-6 settembre 2024<\/strong><br \/>\n<strong>5 giorni di immersione nell\u2019Archivio fotografico\u00a0del Centro Giolitti\u00a0 via XXV Aprile, 25<\/strong><\/p>\n<p>Qui potete trovare i risultati dell&#8217;attivit\u00e0 degli studenti :\u00a0<a href=\"http:\/\/www.censimento.fotografia.italia.it\/archivi\/centro-europeo-giovanni-giolitti-fotografie\/\">http:\/\/www.censimento.fotografia.italia.it\/archivi\/centro-europeo-giovanni-giolitti-fotografie\/<\/a><\/p>\n","protected":false},"excerpt":{"rendered":"<p>GiolittiReloaded Summer school Dronero, 2-6 settembre 2024 Una full immersion nell\u2019archivio del pi\u00f9 grande statista dell\u2019Italia liberale. Una Summer School che avr\u00e0 come obiettivo lo studio di pratiche e metodologie della descrizione della fotografia in archivio, a contatto con 900 immagini che raccontano la storia di una nazione nel suo divenire. Un\u2019esperienza professionale coordinata da &hellip; <\/p>\n<p class=\"link-more\"><a href=\"https:\/\/www.giovannigiolitti.it\/index.php\/giolittireloaded-summer-school-2024\/\" class=\"more-link\">Leggi tutto<span class=\"screen-reader-text\"> &#8220;GiolittiReloaded-Summer school 2024&#8221;<\/span><\/a><\/p>\n","protected":false},"author":1,"featured_media":0,"parent":0,"menu_order":0,"comment_status":"closed","ping_status":"closed","template":"","meta":{"footnotes":""},"class_list":["post-380","page","type-page","status-publish","hentry"],"_links":{"self":[{"href":"https:\/\/www.giovannigiolitti.it\/index.php\/wp-json\/wp\/v2\/pages\/380","targetHints":{"allow":["GET"]}}],"collection":[{"href":"https:\/\/www.giovannigiolitti.it\/index.php\/wp-json\/wp\/v2\/pages"}],"about":[{"href":"https:\/\/www.giovannigiolitti.it\/index.php\/wp-json\/wp\/v2\/types\/page"}],"author":[{"embeddable":true,"href":"https:\/\/www.giovannigiolitti.it\/index.php\/wp-json\/wp\/v2\/users\/1"}],"replies":[{"embeddable":true,"href":"https:\/\/www.giovannigiolitti.it\/index.php\/wp-json\/wp\/v2\/comments?post=380"}],"version-history":[{"count":7,"href":"https:\/\/www.giovannigiolitti.it\/index.php\/wp-json\/wp\/v2\/pages\/380\/revisions"}],"predecessor-version":[{"id":432,"href":"https:\/\/www.giovannigiolitti.it\/index.php\/wp-json\/wp\/v2\/pages\/380\/revisions\/432"}],"wp:attachment":[{"href":"https:\/\/www.giovannigiolitti.it\/index.php\/wp-json\/wp\/v2\/media?parent=380"}],"curies":[{"name":"wp","href":"https:\/\/api.w.org\/{rel}","templated":true}]}}